{"id":24,"date":"2021-08-30T15:17:50","date_gmt":"2021-08-30T12:17:50","guid":{"rendered":"https:\/\/www.megasineklikvecam.com\/?page_id=24"},"modified":"2021-08-30T16:15:28","modified_gmt":"2021-08-30T13:15:28","slug":"hakkimizda","status":"publish","type":"page","link":"https:\/\/www.megasineklikvecam.com\/?page_id=24","title":{"rendered":"Hakk\u0131m\u0131zda"},"content":{"rendered":"\n<p>1995 y\u0131l\u0131ndan itibaren \u0130stanbul\u2019un Avc\u0131lar il\u00e7esinde, 2015 y\u0131l\u0131ndan itibaren de \u0130stanbul\u2019un G\u00fcng\u00f6ren il\u00e7esinde olmak \u00fczere 2 i\u015fyerimiz ile siz de\u011ferli m\u00fc\u015fterilerimize hizmet vermeye ba\u015flad\u0131k ve devam etmekteyiz. Bir \u00e7ok hizmeti, en kaliteli ve en ucuz bir \u015fekilde vermeye devam etmekteyiz.<\/p>\n","protected":false},"excerpt":{"rendered":"<p>1995 y\u0131l\u0131ndan itibaren \u0130stanbul\u2019un Avc\u0131lar il\u00e7esinde, 2015 y\u0131l\u0131ndan itibaren de \u0130stanbul\u2019un G\u00fcng\u00f6ren il\u00e7esinde olmak \u00fczere 2 i\u015fyerimiz ile siz de\u011ferli m\u00fc\u015fterilerimize hizmet vermeye ba\u015flad\u0131k ve devam etmekteyiz. Bir \u00e7ok hizmeti, en kaliteli ve en ucuz bir \u015fekilde vermeye devam etmekteyiz.<\/p>\n","protected":false},"author":1,"featured_media":0,"parent":0,"menu_order":0,"comment_status":"closed","ping_status":"closed","template":"","meta":{"_joinchat":[],"footnotes":""},"class_list":["post-24","page","type-page","status-publish","hentry"],"_links":{"self":[{"href":"https:\/\/www.megasineklikvecam.com\/index.php?rest_route=\/wp\/v2\/pages\/24","targetHints":{"allow":["GET"]}}],"collection":[{"href":"https:\/\/www.megasineklikvecam.com\/index.php?rest_route=\/wp\/v2\/pages"}],"about":[{"href":"https:\/\/www.megasineklikvecam.com\/index.php?rest_route=\/wp\/v2\/types\/page"}],"author":[{"embeddable":true,"href":"https:\/\/www.megasineklikvecam.com\/index.php?rest_route=\/wp\/v2\/users\/1"}],"replies":[{"embeddable":true,"href":"https:\/\/www.megasineklikvecam.com\/index.php?rest_route=%2Fwp%2Fv2%2Fcomments&post=24"}],"version-history":[{"count":2,"href":"https:\/\/www.megasineklikvecam.com\/index.php?rest_route=\/wp\/v2\/pages\/24\/revisions"}],"predecessor-version":[{"id":55,"href":"https:\/\/www.megasineklikvecam.com\/index.php?rest_route=\/wp\/v2\/pages\/24\/revisions\/55"}],"wp:attachment":[{"href":"https:\/\/www.megasineklikvecam.com\/index.php?rest_route=%2Fwp%2Fv2%2Fmedia&parent=24"}],"curies":[{"name":"wp","href":"https:\/\/api.w.org\/{rel}","templated":true}]}}